{"id":21,"date":"2024-12-02T16:40:17","date_gmt":"2024-12-02T15:40:17","guid":{"rendered":"https:\/\/www.lenarebollo.fr\/?page_id=21"},"modified":"2025-06-29T15:23:27","modified_gmt":"2025-06-29T13:23:27","slug":"a-propos","status":"publish","type":"page","link":"https:\/\/www.lenarebollo.fr\/?page_id=21","title":{"rendered":"\u00e0 propos"},"content":{"rendered":"\t\t<div data-elementor-type=\"wp-page\" data-elementor-id=\"21\" class=\"elementor elementor-21\">\n\t\t\t\t<div class=\"elementor-element elementor-element-e743bb9 e-flex e-con-boxed wpr-particle-no wpr-jarallax-no wpr-parallax-no wpr-sticky-section-no e-con e-parent\" data-id=\"e743bb9\" data-element_type=\"container\">\n\t\t\t\t\t<div class=\"e-con-inner\">\n\t\t<div class=\"elementor-element elementor-element-9e5ec69 e-con-full e-flex wpr-particle-no wpr-jarallax-no wpr-parallax-no wpr-sticky-section-no e-con e-child\" data-id=\"9e5ec69\" data-element_type=\"container\">\n\t\t\t\t<div class=\"elementor-element elementor-element-66f5e2e elementor-widget elementor-widget-image\" data-id=\"66f5e2e\" data-element_type=\"widget\" data-widget_type=\"image.default\">\n\t\t\t\t<div class=\"elementor-widget-container\">\n\t\t\t\t\t\t\t\t\t\t\t\t\t\t\t<img fetchpriority=\"high\" decoding=\"async\" width=\"2560\" height=\"1828\" src=\"https:\/\/www.lenarebollo.fr\/wp-content\/uploads\/2025\/01\/Moi2-travail-scaled.jpg\" class=\"attachment-full size-full wp-image-337\" alt=\"\" srcset=\"https:\/\/www.lenarebollo.fr\/wp-content\/uploads\/2025\/01\/Moi2-travail-scaled.jpg 2560w, https:\/\/www.lenarebollo.fr\/wp-content\/uploads\/2025\/01\/Moi2-travail-300x214.jpg 300w, https:\/\/www.lenarebollo.fr\/wp-content\/uploads\/2025\/01\/Moi2-travail-1024x731.jpg 1024w, https:\/\/www.lenarebollo.fr\/wp-content\/uploads\/2025\/01\/Moi2-travail-768x548.jpg 768w, https:\/\/www.lenarebollo.fr\/wp-content\/uploads\/2025\/01\/Moi2-travail-1536x1097.jpg 1536w, https:\/\/www.lenarebollo.fr\/wp-content\/uploads\/2025\/01\/Moi2-travail-2048x1463.jpg 2048w\" sizes=\"(max-width: 2560px) 100vw, 2560px\" \/>\t\t\t\t\t\t\t\t\t\t\t\t\t\t\t<\/div>\n\t\t\t\t<\/div>\n\t\t\t\t<\/div>\n\t\t<div class=\"elementor-element elementor-element-cc3a366 e-con-full e-flex wpr-particle-no wpr-jarallax-no wpr-parallax-no wpr-sticky-section-no e-con e-child\" data-id=\"cc3a366\" data-element_type=\"container\">\n\t\t\t\t<div class=\"elementor-element elementor-element-c4a546b elementor-widget elementor-widget-heading\" data-id=\"c4a546b\" data-element_type=\"widget\" data-widget_type=\"heading.default\">\n\t\t\t\t<div class=\"elementor-widget-container\">\n\t\t\t\t\t<h2 class=\"elementor-heading-title elementor-size-default\">Qui suis-je ?<\/h2>\t\t\t\t<\/div>\n\t\t\t\t<\/div>\n\t\t\t\t<div class=\"elementor-element elementor-element-b25dbcd elementor-widget elementor-widget-text-editor\" data-id=\"b25dbcd\" data-element_type=\"widget\" data-widget_type=\"text-editor.default\">\n\t\t\t\t<div class=\"elementor-widget-container\">\n\t\t\t\t\t\t\t\t\t<p>Je m&rsquo;appelle L\u00e9na et je suis graphiste en freelance. Je souhaite aider \u00e0 cr\u00e9er une soci\u00e9t\u00e9 plus inclusive, \u00e9cologique et respectueuse de tous, de toutes et de tout.<\/p><p>J&rsquo;ai fait une licence (DNMADe) en graphisme, puis 2 ans pour un Bac+5 (DSAA) en design graphique sp\u00e9cialis\u00e9 dans l&rsquo;\u00e9coresponsabilit\u00e9. Durant ces dipl\u00f4mes j&rsquo;ai r\u00e9ellement d\u00e9couvert cette envie de faire un design social. J&rsquo;ai d\u00e9velopp\u00e9 toute une recherche autour de celui-ci, puis de la repr\u00e9sentation de l&rsquo;\u00eatre humain. Comment faire pour lui faire comprendre qu&rsquo;il n&rsquo;est pas un \u00eatre sup\u00e9rieur aux cloisons ferm\u00e9es ? Pour cela j&rsquo;ai explor\u00e9 le monde des microbes et plus particuli\u00e8rement du microbiote intestinal. Nous sommes un \u00e9cosyst\u00e8me dans un autre \u00e9cosyst\u00e8me et tous les deux sont interd\u00e9pendants. Il faut donc les prot\u00e9ger.<\/p><p>Je pourrais parler tr\u00e8s longuement de ce sujet qui m&rsquo;a passionn\u00e9 et, si vous souhaitez en entendre plus, vous pouvez me contacter !<\/p><p>Lors de ce projet, j&rsquo;ai compris et d\u00e9montr\u00e9 l&rsquo;importance de la collaboration entre les \u00eatres. Aujourd&rsquo;hui, je veux continuer \u00e0 tisser des liens et c&rsquo;est pour cela que je veux int\u00e9grer une \u00e9quipe, dans laquelle je pourrais trouver ma place et aider \u00e0 la conception. Je maitrise les logiciels de la suite Adobe (Illustrator, InDesign et Photoshop) et je souhaite mettre ses comp\u00e9tences au service de projets \u00e9thiques aux c\u00f4t\u00e9s de personnes int\u00e9ressantes.<\/p><p>\u00c0 c\u00f4t\u00e9 de ce design graphique, je suis passionn\u00e9e par le travail du fils. La patience que ceux-ci exigent me permet de trouver un \u00e9quilibre plus sain dans une soci\u00e9t\u00e9 qui nous demande d&rsquo;\u00eatre toujours en action. J&rsquo;aime beaucoup dessiner et tester de nouvelles mani\u00e8res de m&rsquo;exprimer. Je suis curieuse de toujours en apprendre de nouvelles.<\/p><p>J\u2019ai beaucoup de motivation qui bouillonne dans mes tripes, et j\u2019ai vraiment envie de participer \u00e0 la construction de notre monde de demain. Alors, si mon profil vous plait, n\u2019h\u00e9sitez pas \u00e0 me contacter\u2009!<\/p>\t\t\t\t\t\t\t\t<\/div>\n\t\t\t\t<\/div>\n\t\t\t\t<div class=\"elementor-element elementor-element-e8acf10 elementor-widget elementor-widget-spacer\" data-id=\"e8acf10\" data-element_type=\"widget\" data-widget_type=\"spacer.default\">\n\t\t\t\t<div class=\"elementor-widget-container\">\n\t\t\t\t\t\t\t<div class=\"elementor-spacer\">\n\t\t\t<div class=\"elementor-spacer-inner\"><\/div>\n\t\t<\/div>\n\t\t\t\t\t\t<\/div>\n\t\t\t\t<\/div>\n\t\t\t\t<\/div>\n\t\t\t\t\t<\/div>\n\t\t\t\t<\/div>\n\t\t<div class=\"elementor-element elementor-element-76dd370 e-flex e-con-boxed wpr-particle-no wpr-jarallax-no wpr-parallax-no wpr-sticky-section-no e-con e-parent\" data-id=\"76dd370\" data-element_type=\"container\">\n\t\t\t\t\t<div class=\"e-con-inner\">\n\t\t\t\t<div class=\"elementor-element elementor-element-0b3e278 elementor-widget elementor-widget-heading\" data-id=\"0b3e278\" data-element_type=\"widget\" data-widget_type=\"heading.default\">\n\t\t\t\t<div class=\"elementor-widget-container\">\n\t\t\t\t\t<h2 class=\"elementor-heading-title elementor-size-default\">ce que je fais \u00e0 c\u00f4t\u00e9 du graphisme<\/h2>\t\t\t\t<\/div>\n\t\t\t\t<\/div>\n\t\t\t\t\t<\/div>\n\t\t\t\t<\/div>\n\t\t<div class=\"elementor-element elementor-element-2d7d9a5 e-flex e-con-boxed wpr-particle-no wpr-jarallax-no wpr-parallax-no wpr-sticky-section-no e-con e-parent\" data-id=\"2d7d9a5\" data-element_type=\"container\">\n\t\t\t\t\t<div class=\"e-con-inner\">\n\t\t<div class=\"elementor-element elementor-element-e610fa9 e-con-full e-flex wpr-particle-no wpr-jarallax-no wpr-parallax-no wpr-sticky-section-no e-con e-child\" data-id=\"e610fa9\" data-element_type=\"container\">\n\t\t\t\t<div class=\"elementor-element elementor-element-fb33ff9 elementor-widget elementor-widget-image\" data-id=\"fb33ff9\" data-element_type=\"widget\" data-widget_type=\"image.default\">\n\t\t\t\t<div class=\"elementor-widget-container\">\n\t\t\t\t\t\t\t\t\t\t\t\t<figure class=\"wp-caption\">\n\t\t\t\t\t\t\t\t\t\t<img decoding=\"async\" width=\"984\" height=\"1313\" src=\"https:\/\/www.lenarebollo.fr\/wp-content\/uploads\/2025\/01\/LR-DessinObserve.jpg\" class=\"attachment-full size-full wp-image-343\" alt=\"\" srcset=\"https:\/\/www.lenarebollo.fr\/wp-content\/uploads\/2025\/01\/LR-DessinObserve.jpg 984w, https:\/\/www.lenarebollo.fr\/wp-content\/uploads\/2025\/01\/LR-DessinObserve-225x300.jpg 225w, https:\/\/www.lenarebollo.fr\/wp-content\/uploads\/2025\/01\/LR-DessinObserve-767x1024.jpg 767w, https:\/\/www.lenarebollo.fr\/wp-content\/uploads\/2025\/01\/LR-DessinObserve-768x1025.jpg 768w\" sizes=\"(max-width: 984px) 100vw, 984px\" \/>\t\t\t\t\t\t\t\t\t\t\t<figcaption class=\"widget-image-caption wp-caption-text\">extraits de mon carnet \u00e0 dessins<\/figcaption>\n\t\t\t\t\t\t\t\t\t\t<\/figure>\n\t\t\t\t\t\t\t\t\t<\/div>\n\t\t\t\t<\/div>\n\t\t\t\t<\/div>\n\t\t<div class=\"elementor-element elementor-element-c93fdec e-con-full e-flex wpr-particle-no wpr-jarallax-no wpr-parallax-no wpr-sticky-section-no e-con e-child\" data-id=\"c93fdec\" data-element_type=\"container\">\n\t\t\t\t<div class=\"elementor-element elementor-element-a77ada7 elementor-arrows-position-inside elementor-pagination-position-outside elementor-widget elementor-widget-image-carousel\" data-id=\"a77ada7\" data-element_type=\"widget\" data-settings=\"{&quot;slides_to_show&quot;:&quot;2&quot;,&quot;navigation&quot;:&quot;both&quot;,&quot;autoplay&quot;:&quot;yes&quot;,&quot;pause_on_hover&quot;:&quot;yes&quot;,&quot;pause_on_interaction&quot;:&quot;yes&quot;,&quot;autoplay_speed&quot;:5000,&quot;infinite&quot;:&quot;yes&quot;,&quot;speed&quot;:500}\" data-widget_type=\"image-carousel.default\">\n\t\t\t\t<div class=\"elementor-widget-container\">\n\t\t\t\t\t\t\t<div class=\"elementor-image-carousel-wrapper swiper\" role=\"region\" aria-roledescription=\"carousel\" aria-label=\"Carrousel d\u2019images\" dir=\"ltr\">\n\t\t\t<div class=\"elementor-image-carousel swiper-wrapper\" aria-live=\"off\">\n\t\t\t\t\t\t\t\t<div class=\"swiper-slide\" role=\"group\" aria-roledescription=\"slide\" aria-label=\"1 sur 3\"><figure class=\"swiper-slide-inner\"><img decoding=\"async\" class=\"swiper-slide-image\" src=\"https:\/\/www.lenarebollo.fr\/wp-content\/uploads\/2025\/01\/LR-CarnetDessin-Varie-scaled.jpg\" alt=\"LR-CarnetDessin-Varie\" \/><\/figure><\/div><div class=\"swiper-slide\" role=\"group\" aria-roledescription=\"slide\" aria-label=\"2 sur 3\"><figure class=\"swiper-slide-inner\"><img decoding=\"async\" class=\"swiper-slide-image\" src=\"https:\/\/www.lenarebollo.fr\/wp-content\/uploads\/2025\/01\/LR-CarnetDessint-RecherchePErso-scaled.jpg\" alt=\"LR-CarnetDessint-RecherchePErso\" \/><\/figure><\/div><div class=\"swiper-slide\" role=\"group\" aria-roledescription=\"slide\" aria-label=\"3 sur 3\"><figure class=\"swiper-slide-inner\"><img decoding=\"async\" class=\"swiper-slide-image\" src=\"https:\/\/www.lenarebollo.fr\/wp-content\/uploads\/2025\/01\/LR-CarnetDessint-RechercheVegetaux-scaled.jpg\" alt=\"LR-CarnetDessint-RechercheVegetaux\" \/><\/figure><\/div>\t\t\t<\/div>\n\t\t\t\t\t\t\t\t\t\t\t\t<div class=\"elementor-swiper-button elementor-swiper-button-prev\" role=\"button\" tabindex=\"0\">\n\t\t\t\t\t\t<svg aria-hidden=\"true\" class=\"e-font-icon-svg e-eicon-chevron-left\" viewBox=\"0 0 1000 1000\" xmlns=\"http:\/\/www.w3.org\/2000\/svg\"><path d=\"M646 125C629 125 613 133 604 142L308 442C296 454 292 471 292 487 292 504 296 521 308 533L604 854C617 867 629 875 646 875 663 875 679 871 692 858 704 846 713 829 713 812 713 796 708 779 692 767L438 487 692 225C700 217 708 204 708 187 708 171 704 154 692 142 675 129 663 125 646 125Z\"><\/path><\/svg>\t\t\t\t\t<\/div>\n\t\t\t\t\t<div class=\"elementor-swiper-button elementor-swiper-button-next\" role=\"button\" tabindex=\"0\">\n\t\t\t\t\t\t<svg aria-hidden=\"true\" class=\"e-font-icon-svg e-eicon-chevron-right\" viewBox=\"0 0 1000 1000\" xmlns=\"http:\/\/www.w3.org\/2000\/svg\"><path d=\"M696 533C708 521 713 504 713 487 713 471 708 454 696 446L400 146C388 133 375 125 354 125 338 125 325 129 313 142 300 154 292 171 292 187 292 204 296 221 308 233L563 492 304 771C292 783 288 800 288 817 288 833 296 850 308 863 321 871 338 875 354 875 371 875 388 867 400 854L696 533Z\"><\/path><\/svg>\t\t\t\t\t<\/div>\n\t\t\t\t\n\t\t\t\t\t\t\t\t\t<div class=\"swiper-pagination\"><\/div>\n\t\t\t\t\t\t\t\t\t<\/div>\n\t\t\t\t\t\t<\/div>\n\t\t\t\t<\/div>\n\t\t\t\t<\/div>\n\t\t\t\t\t<\/div>\n\t\t\t\t<\/div>\n\t\t<div class=\"elementor-element elementor-element-f68d8c0 e-flex e-con-boxed wpr-particle-no wpr-jarallax-no wpr-parallax-no wpr-sticky-section-no e-con e-parent\" data-id=\"f68d8c0\" data-element_type=\"container\">\n\t\t\t\t\t<div class=\"e-con-inner\">\n\t\t<div class=\"elementor-element elementor-element-ee6e731 e-con-full e-flex wpr-particle-no wpr-jarallax-no wpr-parallax-no wpr-sticky-section-no e-con e-child\" data-id=\"ee6e731\" data-element_type=\"container\">\n\t\t\t\t<div class=\"elementor-element elementor-element-bae25df elementor-widget elementor-widget-image\" data-id=\"bae25df\" data-element_type=\"widget\" data-widget_type=\"image.default\">\n\t\t\t\t<div class=\"elementor-widget-container\">\n\t\t\t\t\t\t\t\t\t\t\t\t<figure class=\"wp-caption\">\n\t\t\t\t\t\t\t\t\t\t<img decoding=\"async\" width=\"768\" height=\"725\" src=\"https:\/\/www.lenarebollo.fr\/wp-content\/uploads\/2025\/01\/Gilet-ELise-etiquette-1-768x725.png\" class=\"attachment-medium_large size-medium_large wp-image-344\" alt=\"\" srcset=\"https:\/\/www.lenarebollo.fr\/wp-content\/uploads\/2025\/01\/Gilet-ELise-etiquette-1-768x725.png 768w, https:\/\/www.lenarebollo.fr\/wp-content\/uploads\/2025\/01\/Gilet-ELise-etiquette-1-300x283.png 300w, https:\/\/www.lenarebollo.fr\/wp-content\/uploads\/2025\/01\/Gilet-ELise-etiquette-1-1024x967.png 1024w, https:\/\/www.lenarebollo.fr\/wp-content\/uploads\/2025\/01\/Gilet-ELise-etiquette-1-1536x1451.png 1536w, https:\/\/www.lenarebollo.fr\/wp-content\/uploads\/2025\/01\/Gilet-ELise-etiquette-1-2048x1934.png 2048w\" sizes=\"(max-width: 768px) 100vw, 768px\" \/>\t\t\t\t\t\t\t\t\t\t\t<figcaption class=\"widget-image-caption wp-caption-text\">petits essais en couture<\/figcaption>\n\t\t\t\t\t\t\t\t\t\t<\/figure>\n\t\t\t\t\t\t\t\t\t<\/div>\n\t\t\t\t<\/div>\n\t\t\t\t<\/div>\n\t\t<div class=\"elementor-element elementor-element-702d0f4 e-con-full e-flex wpr-particle-no wpr-jarallax-no wpr-parallax-no wpr-sticky-section-no e-con e-child\" data-id=\"702d0f4\" data-element_type=\"container\">\n\t\t\t\t<div class=\"elementor-element elementor-element-c7d01fe elementor-widget elementor-widget-image\" data-id=\"c7d01fe\" data-element_type=\"widget\" data-widget_type=\"image.default\">\n\t\t\t\t<div class=\"elementor-widget-container\">\n\t\t\t\t\t\t\t\t\t\t\t\t\t\t\t<img loading=\"lazy\" decoding=\"async\" width=\"768\" height=\"867\" src=\"https:\/\/www.lenarebollo.fr\/wp-content\/uploads\/2025\/01\/LR-Banana-768x867.jpg\" class=\"attachment-medium_large size-medium_large wp-image-345\" alt=\"\" srcset=\"https:\/\/www.lenarebollo.fr\/wp-content\/uploads\/2025\/01\/LR-Banana-768x867.jpg 768w, https:\/\/www.lenarebollo.fr\/wp-content\/uploads\/2025\/01\/LR-Banana-266x300.jpg 266w, https:\/\/www.lenarebollo.fr\/wp-content\/uploads\/2025\/01\/LR-Banana-907x1024.jpg 907w, https:\/\/www.lenarebollo.fr\/wp-content\/uploads\/2025\/01\/LR-Banana-1360x1536.jpg 1360w, https:\/\/www.lenarebollo.fr\/wp-content\/uploads\/2025\/01\/LR-Banana-1813x2048.jpg 1813w\" sizes=\"(max-width: 768px) 100vw, 768px\" \/>\t\t\t\t\t\t\t\t\t\t\t\t\t\t\t<\/div>\n\t\t\t\t<\/div>\n\t\t\t\t<\/div>\n\t\t\t\t\t<\/div>\n\t\t\t\t<\/div>\n\t\t<div class=\"elementor-element elementor-element-c0298d6 e-flex e-con-boxed wpr-particle-no wpr-jarallax-no wpr-parallax-no wpr-sticky-section-no e-con e-parent\" data-id=\"c0298d6\" data-element_type=\"container\">\n\t\t\t\t\t<div class=\"e-con-inner\">\n\t\t<div class=\"elementor-element elementor-element-492813c e-con-full e-flex wpr-particle-no wpr-jarallax-no wpr-parallax-no wpr-sticky-section-no e-con e-child\" data-id=\"492813c\" data-element_type=\"container\">\n\t\t\t\t<div class=\"elementor-element elementor-element-5e427a2 elementor-widget elementor-widget-image\" data-id=\"5e427a2\" data-element_type=\"widget\" data-widget_type=\"image.default\">\n\t\t\t\t<div class=\"elementor-widget-container\">\n\t\t\t\t\t\t\t\t\t\t\t\t\t\t\t<img loading=\"lazy\" decoding=\"async\" width=\"2174\" height=\"2560\" src=\"https:\/\/www.lenarebollo.fr\/wp-content\/uploads\/2025\/01\/PointDeCroix-scaled.jpg\" class=\"attachment-full size-full wp-image-348\" alt=\"\" srcset=\"https:\/\/www.lenarebollo.fr\/wp-content\/uploads\/2025\/01\/PointDeCroix-scaled.jpg 2174w, https:\/\/www.lenarebollo.fr\/wp-content\/uploads\/2025\/01\/PointDeCroix-255x300.jpg 255w, https:\/\/www.lenarebollo.fr\/wp-content\/uploads\/2025\/01\/PointDeCroix-870x1024.jpg 870w, https:\/\/www.lenarebollo.fr\/wp-content\/uploads\/2025\/01\/PointDeCroix-768x904.jpg 768w, https:\/\/www.lenarebollo.fr\/wp-content\/uploads\/2025\/01\/PointDeCroix-1305x1536.jpg 1305w, https:\/\/www.lenarebollo.fr\/wp-content\/uploads\/2025\/01\/PointDeCroix-1740x2048.jpg 1740w\" sizes=\"(max-width: 2174px) 100vw, 2174px\" \/>\t\t\t\t\t\t\t\t\t\t\t\t\t\t\t<\/div>\n\t\t\t\t<\/div>\n\t\t\t\t<div class=\"elementor-element elementor-element-0e5f8e6 elementor-widget elementor-widget-text-editor\" data-id=\"0e5f8e6\" data-element_type=\"widget\" data-widget_type=\"text-editor.default\">\n\t\t\t\t<div class=\"elementor-widget-container\">\n\t\t\t\t\t\t\t\t\t<p><em>Broderie aux points de croix<\/em><\/p>\t\t\t\t\t\t\t\t<\/div>\n\t\t\t\t<\/div>\n\t\t\t\t<\/div>\n\t\t<div class=\"elementor-element elementor-element-0102faf e-con-full e-flex wpr-particle-no wpr-jarallax-no wpr-parallax-no wpr-sticky-section-no e-con e-child\" data-id=\"0102faf\" data-element_type=\"container\">\n\t\t\t\t<div class=\"elementor-element elementor-element-7d5ee53 elementor-widget elementor-widget-image\" data-id=\"7d5ee53\" data-element_type=\"widget\" data-widget_type=\"image.default\">\n\t\t\t\t<div class=\"elementor-widget-container\">\n\t\t\t\t\t\t\t\t\t\t\t\t\t\t\t<img loading=\"lazy\" decoding=\"async\" width=\"3270\" height=\"5013\" src=\"https:\/\/www.lenarebollo.fr\/wp-content\/uploads\/2025\/01\/Mobile01.png\" class=\"attachment-full size-full wp-image-346\" alt=\"\" srcset=\"https:\/\/www.lenarebollo.fr\/wp-content\/uploads\/2025\/01\/Mobile01.png 3270w, https:\/\/www.lenarebollo.fr\/wp-content\/uploads\/2025\/01\/Mobile01-196x300.png 196w, https:\/\/www.lenarebollo.fr\/wp-content\/uploads\/2025\/01\/Mobile01-668x1024.png 668w, https:\/\/www.lenarebollo.fr\/wp-content\/uploads\/2025\/01\/Mobile01-768x1177.png 768w, https:\/\/www.lenarebollo.fr\/wp-content\/uploads\/2025\/01\/Mobile01-1002x1536.png 1002w, https:\/\/www.lenarebollo.fr\/wp-content\/uploads\/2025\/01\/Mobile01-1336x2048.png 1336w\" sizes=\"(max-width: 3270px) 100vw, 3270px\" \/>\t\t\t\t\t\t\t\t\t\t\t\t\t\t\t<\/div>\n\t\t\t\t<\/div>\n\t\t\t\t<div class=\"elementor-element elementor-element-5662d33 elementor-widget elementor-widget-text-editor\" data-id=\"5662d33\" data-element_type=\"widget\" data-widget_type=\"text-editor.default\">\n\t\t\t\t<div class=\"elementor-widget-container\">\n\t\t\t\t\t\t\t\t\t<p><em>Mobile au crochet<\/em><\/p>\t\t\t\t\t\t\t\t<\/div>\n\t\t\t\t<\/div>\n\t\t\t\t<\/div>\n\t\t\t\t\t<\/div>\n\t\t\t\t<\/div>\n\t\t<div class=\"elementor-element elementor-element-41352b1 e-flex e-con-boxed wpr-particle-no wpr-jarallax-no wpr-parallax-no wpr-sticky-section-no e-con e-parent\" data-id=\"41352b1\" data-element_type=\"container\">\n\t\t\t\t\t<div class=\"e-con-inner\">\n\t\t\t\t<div class=\"elementor-element elementor-element-d90ff2b elementor-widget elementor-widget-spacer\" data-id=\"d90ff2b\" data-element_type=\"widget\" data-widget_type=\"spacer.default\">\n\t\t\t\t<div class=\"elementor-widget-container\">\n\t\t\t\t\t\t\t<div class=\"elementor-spacer\">\n\t\t\t<div class=\"elementor-spacer-inner\"><\/div>\n\t\t<\/div>\n\t\t\t\t\t\t<\/div>\n\t\t\t\t<\/div>\n\t\t\t\t<div class=\"elementor-element elementor-element-ad8cf42 elementor-widget elementor-widget-spacer\" data-id=\"ad8cf42\" data-element_type=\"widget\" data-widget_type=\"spacer.default\">\n\t\t\t\t<div class=\"elementor-widget-container\">\n\t\t\t\t\t\t\t<div class=\"elementor-spacer\">\n\t\t\t<div class=\"elementor-spacer-inner\"><\/div>\n\t\t<\/div>\n\t\t\t\t\t\t<\/div>\n\t\t\t\t<\/div>\n\t\t\t\t\t<\/div>\n\t\t\t\t<\/div>\n\t\t\t\t<\/div>\n\t\t","protected":false},"excerpt":{"rendered":"<p>Qui suis-je ? Je m&rsquo;appelle L\u00e9na et je suis graphiste en freelance. Je souhaite aider \u00e0 cr\u00e9er une soci\u00e9t\u00e9 plus inclusive, \u00e9cologique et respectueuse de tous, de toutes et de tout. J&rsquo;ai fait une licence (DNMADe) en graphisme, puis 2 ans pour un Bac+5 (DSAA) en design graphique sp\u00e9cialis\u00e9 dans l&rsquo;\u00e9coresponsabilit\u00e9. Durant ces dipl\u00f4mes j&rsquo;ai r\u00e9ellement d\u00e9couvert cette envie de faire un design social. J&rsquo;ai d\u00e9velopp\u00e9 toute une recherche autour de celui-ci, puis de la repr\u00e9sentation de l&rsquo;\u00eatre humain. Comment faire pour lui faire comprendre qu&rsquo;il n&rsquo;est pas un \u00eatre sup\u00e9rieur aux cloisons ferm\u00e9es ? Pour cela j&rsquo;ai explor\u00e9 le monde des microbes et plus particuli\u00e8rement du microbiote intestinal. Nous sommes un \u00e9cosyst\u00e8me dans un autre \u00e9cosyst\u00e8me et tous les deux sont interd\u00e9pendants. Il faut donc les prot\u00e9ger. Je pourrais parler tr\u00e8s longuement de ce sujet qui m&rsquo;a passionn\u00e9 et, si vous souhaitez en entendre plus, vous pouvez me contacter ! Lors de ce projet, j&rsquo;ai compris et d\u00e9montr\u00e9 l&rsquo;importance de la collaboration entre les \u00eatres. Aujourd&rsquo;hui, je veux continuer \u00e0 tisser des liens et c&rsquo;est pour cela que je veux int\u00e9grer une \u00e9quipe, dans laquelle je pourrais trouver ma place et aider \u00e0 la conception. Je maitrise les logiciels de la suite Adobe (Illustrator, InDesign et Photoshop) et je souhaite mettre ses comp\u00e9tences au service de projets \u00e9thiques aux c\u00f4t\u00e9s de personnes int\u00e9ressantes. \u00c0 c\u00f4t\u00e9 de ce design graphique, je suis passionn\u00e9e par le travail du fils. La patience que ceux-ci exigent me permet de trouver un \u00e9quilibre plus sain dans une soci\u00e9t\u00e9 qui nous demande d&rsquo;\u00eatre toujours en action. J&rsquo;aime beaucoup dessiner et tester de nouvelles mani\u00e8res de m&rsquo;exprimer. Je suis curieuse de toujours en apprendre de nouvelles. J\u2019ai beaucoup de motivation qui bouillonne dans mes tripes, et j\u2019ai vraiment envie de participer \u00e0 la construction de notre monde de demain. Alors, si mon profil vous plait, n\u2019h\u00e9sitez pas \u00e0 me contacter\u2009! ce que je fais \u00e0 c\u00f4t\u00e9 du graphisme extraits de mon carnet \u00e0 dessins petits essais en couture Broderie aux points de croix Mobile au crochet<\/p>\n","protected":false},"author":1,"featured_media":0,"parent":0,"menu_order":0,"comment_status":"closed","ping_status":"closed","template":"","meta":{"ocean_post_layout":"","ocean_both_sidebars_style":"","ocean_both_sidebars_content_width":0,"ocean_both_sidebars_sidebars_width":0,"ocean_sidebar":"","ocean_second_sidebar":"","ocean_disable_margins":"enable","ocean_add_body_class":"","ocean_shortcode_before_top_bar":"","ocean_shortcode_after_top_bar":"","ocean_shortcode_before_header":"","ocean_shortcode_after_header":"","ocean_has_shortcode":"","ocean_shortcode_after_title":"","ocean_shortcode_before_footer_widgets":"","ocean_shortcode_after_footer_widgets":"","ocean_shortcode_before_footer_bottom":"","ocean_shortcode_after_footer_bottom":"","ocean_display_top_bar":"default","ocean_display_header":"default","ocean_header_style":"","ocean_center_header_left_menu":"","ocean_custom_header_template":"","ocean_custom_logo":0,"ocean_custom_retina_logo":0,"ocean_custom_logo_max_width":0,"ocean_custom_logo_tablet_max_width":0,"ocean_custom_logo_mobile_max_width":0,"ocean_custom_logo_max_height":0,"ocean_custom_logo_tablet_max_height":0,"ocean_custom_logo_mobile_max_height":0,"ocean_header_custom_menu":"","ocean_menu_typo_font_family":"","ocean_menu_typo_font_subset":"","ocean_menu_typo_font_size":0,"ocean_menu_typo_font_size_tablet":0,"ocean_menu_typo_font_size_mobile":0,"ocean_menu_typo_font_size_unit":"px","ocean_menu_typo_font_weight":"","ocean_menu_typo_font_weight_tablet":"","ocean_menu_typo_font_weight_mobile":"","ocean_menu_typo_transform":"","ocean_menu_typo_transform_tablet":"","ocean_menu_typo_transform_mobile":"","ocean_menu_typo_line_height":0,"ocean_menu_typo_line_height_tablet":0,"ocean_menu_typo_line_height_mobile":0,"ocean_menu_typo_line_height_unit":"","ocean_menu_typo_spacing":0,"ocean_menu_typo_spacing_tablet":0,"ocean_menu_typo_spacing_mobile":0,"ocean_menu_typo_spacing_unit":"","ocean_menu_link_color":"","ocean_menu_link_color_hover":"","ocean_menu_link_color_active":"","ocean_menu_link_background":"","ocean_menu_link_hover_background":"","ocean_menu_link_active_background":"","ocean_menu_social_links_bg":"","ocean_menu_social_hover_links_bg":"","ocean_menu_social_links_color":"","ocean_menu_social_hover_links_color":"","ocean_disable_title":"default","ocean_disable_heading":"default","ocean_post_title":"","ocean_post_subheading":"","ocean_post_title_style":"","ocean_post_title_background_color":"","ocean_post_title_background":0,"ocean_post_title_bg_image_position":"","ocean_post_title_bg_image_attachment":"","ocean_post_title_bg_image_repeat":"","ocean_post_title_bg_image_size":"","ocean_post_title_height":0,"ocean_post_title_bg_overlay":0.5,"ocean_post_title_bg_overlay_color":"","ocean_disable_breadcrumbs":"default","ocean_breadcrumbs_color":"","ocean_breadcrumbs_separator_color":"","ocean_breadcrumbs_links_color":"","ocean_breadcrumbs_links_hover_color":"","ocean_display_footer_widgets":"default","ocean_display_footer_bottom":"default","ocean_custom_footer_template":"","footnotes":""},"class_list":["post-21","page","type-page","status-publish","hentry","entry"],"_links":{"self":[{"href":"https:\/\/www.lenarebollo.fr\/index.php?rest_route=\/wp\/v2\/pages\/21","targetHints":{"allow":["GET"]}}],"collection":[{"href":"https:\/\/www.lenarebollo.fr\/index.php?rest_route=\/wp\/v2\/pages"}],"about":[{"href":"https:\/\/www.lenarebollo.fr\/index.php?rest_route=\/wp\/v2\/types\/page"}],"author":[{"embeddable":true,"href":"https:\/\/www.lenarebollo.fr\/index.php?rest_route=\/wp\/v2\/users\/1"}],"replies":[{"embeddable":true,"href":"https:\/\/www.lenarebollo.fr\/index.php?rest_route=%2Fwp%2Fv2%2Fcomments&post=21"}],"version-history":[{"count":25,"href":"https:\/\/www.lenarebollo.fr\/index.php?rest_route=\/wp\/v2\/pages\/21\/revisions"}],"predecessor-version":[{"id":543,"href":"https:\/\/www.lenarebollo.fr\/index.php?rest_route=\/wp\/v2\/pages\/21\/revisions\/543"}],"wp:attachment":[{"href":"https:\/\/www.lenarebollo.fr\/index.php?rest_route=%2Fwp%2Fv2%2Fmedia&parent=21"}],"curies":[{"name":"wp","href":"https:\/\/api.w.org\/{rel}","templated":true}]}}