{"id":391,"date":"2025-01-20T17:19:12","date_gmt":"2025-01-20T16:19:12","guid":{"rendered":"https:\/\/www.lenarebollo.fr\/?page_id=391"},"modified":"2025-01-23T14:38:17","modified_gmt":"2025-01-23T13:38:17","slug":"mentions-legales","status":"publish","type":"page","link":"https:\/\/www.lenarebollo.fr\/?page_id=391","title":{"rendered":"Mentions l\u00e9gales"},"content":{"rendered":"\t\t<div data-elementor-type=\"wp-page\" data-elementor-id=\"391\" class=\"elementor elementor-391\">\n\t\t\t\t<div class=\"elementor-element elementor-element-d5944f5 e-flex e-con-boxed wpr-particle-no wpr-jarallax-no wpr-parallax-no wpr-sticky-section-no e-con e-parent\" data-id=\"d5944f5\" data-element_type=\"container\">\n\t\t\t\t\t<div class=\"e-con-inner\">\n\t\t\t\t<div class=\"elementor-element elementor-element-d78d9e3 elementor-widget elementor-widget-text-editor\" data-id=\"d78d9e3\" data-element_type=\"widget\" data-widget_type=\"text-editor.default\">\n\t\t\t\t<div class=\"elementor-widget-container\">\n\t\t\t\t\t\t\t\t\t<p><strong>Propri\u00e9taire du site<\/strong> : L\u00e9na Rebollo<\/p><p><strong>Adresse<\/strong> : 11 rue du bois Labille &#8211; 77750 Saint Cyr sur Morin<\/p><p><strong>T\u00e9l\u00e9phone<\/strong> : 06.21.69.04.03<\/p><p><strong>Mail<\/strong> : rebollolena@gmail.com<\/p><p><strong>Propri\u00e9t\u00e9 intellectuelle des images <\/strong>: L\u00e9na Rebollo &#8211; tous droits r\u00e9serv\u00e9s. L <span class=\"hljs-selector-tag\">e<\/span> <span class=\"hljs-selector-tag\">contenu<\/span> <span class=\"hljs-selector-tag\">de<\/span> <span class=\"hljs-selector-tag\">ce<\/span> <span class=\"hljs-selector-tag\">site<\/span> (textes, images, etc.) <span class=\"hljs-selector-tag\">est<\/span> <span class=\"hljs-selector-tag\">prot<\/span>\u00e9<span class=\"hljs-selector-tag\">g<\/span>\u00e9 <span class=\"hljs-selector-tag\">par<\/span> <span class=\"hljs-selector-tag\">le<\/span> <span class=\"hljs-selector-tag\">droit<\/span> <span class=\"hljs-selector-tag\">d<\/span>\u2019<span class=\"hljs-selector-tag\">auteur<\/span>. <span class=\"hljs-selector-tag\">Toute<\/span> <span class=\"hljs-selector-tag\">reproduction<\/span>, <span class=\"hljs-selector-tag\">m<\/span>\u00ea<span class=\"hljs-selector-tag\">me<\/span> <span class=\"hljs-selector-tag\">partielle<\/span>, <span class=\"hljs-selector-tag\">est<\/span> <span class=\"hljs-selector-tag\">interdite<\/span> <span class=\"hljs-selector-tag\">sans<\/span> <span class=\"hljs-selector-tag\">autorisation<\/span> <span class=\"hljs-selector-tag\">pr<\/span>\u00e9<span class=\"hljs-selector-tag\">alable<\/span>.\u00a0<\/p><p><strong>Typographie<\/strong> : Bitter<\/p><p><strong>D\u00e9veloppement <\/strong>: ce site a \u00e9t\u00e9 d\u00e9velopp\u00e9 par L\u00e9na Rebollo en janvier 2025<\/p><p><strong><span class=\"hljs-selector-tag\">Protection<\/span> <span class=\"hljs-selector-tag\">des<\/span> <span class=\"hljs-selector-tag\">donn<\/span>\u00e9<span class=\"hljs-selector-tag\">es<\/span> <span class=\"hljs-selector-tag\">personnelles<\/span> <\/strong>: <span class=\"hljs-selector-tag\">Ce<\/span> <span class=\"hljs-selector-tag\">site<\/span> <span class=\"hljs-selector-tag\">ne<\/span> <span class=\"hljs-selector-tag\">collecte<\/span> <span class=\"hljs-selector-tag\">aucune<\/span> <span class=\"hljs-selector-tag\">donn<\/span>\u00e9<span class=\"hljs-selector-tag\">e<\/span> <span class=\"hljs-selector-tag\">personnelle<\/span>. <span class=\"hljs-selector-tag\">Aucun<\/span> <span class=\"hljs-selector-tag\">cookie<\/span> <span class=\"hljs-selector-tag\">n<\/span>&lsquo;<span class=\"hljs-selector-tag\">est<\/span> <span class=\"hljs-selector-tag\">utilis<\/span>\u00e9 \u00e0 <span class=\"hljs-selector-tag\">des<\/span> <span class=\"hljs-selector-tag\">fins<\/span> <span class=\"hljs-selector-tag\">de<\/span> <span class=\"hljs-selector-tag\">suivi<\/span> <span class=\"hljs-selector-tag\">ou<\/span> <span class=\"hljs-selector-tag\">d<\/span>\u2019<span class=\"hljs-selector-tag\">analyse<\/span>.<\/p><p><strong><span class=\"hljs-selector-tag\">Limitation<\/span> <span class=\"hljs-selector-tag\">de<\/span> <span class=\"hljs-selector-tag\">responsabilit<\/span>\u00e9<\/strong> : <span class=\"hljs-selector-tag\">L<\/span>\u2019\u00e9<span class=\"hljs-selector-tag\">diteur<\/span> <span class=\"hljs-selector-tag\">du<\/span> <span class=\"hljs-selector-tag\">site<\/span> <span class=\"hljs-selector-tag\">met<\/span> <span class=\"hljs-selector-tag\">tout<\/span> <span class=\"hljs-selector-tag\">en<\/span> \u0153<span class=\"hljs-selector-tag\">uvre<\/span> <span class=\"hljs-selector-tag\">pour<\/span> <span class=\"hljs-selector-tag\">assurer<\/span> <span class=\"hljs-selector-tag\">l<\/span>\u2019<span class=\"hljs-selector-tag\">exactitude<\/span> <span class=\"hljs-selector-tag\">et<\/span> <span class=\"hljs-selector-tag\">la<\/span> <span class=\"hljs-selector-tag\">mise<\/span> \u00e0 <span class=\"hljs-selector-tag\">jour<\/span> <span class=\"hljs-selector-tag\">des<\/span> <span class=\"hljs-selector-tag\">informations<\/span> <span class=\"hljs-selector-tag\">pr<\/span>\u00e9<span class=\"hljs-selector-tag\">sentes<\/span> <span class=\"hljs-selector-tag\">sur<\/span> <span class=\"hljs-selector-tag\">ce<\/span> <span class=\"hljs-selector-tag\">site<\/span>. <span class=\"hljs-selector-tag\">Cependant<\/span>, <span class=\"hljs-selector-tag\">il<\/span> <span class=\"hljs-selector-tag\">ne<\/span> <span class=\"hljs-selector-tag\">saurait<\/span> \u00ea<span class=\"hljs-selector-tag\">tre<\/span> <span class=\"hljs-selector-tag\">tenu<\/span> <span class=\"hljs-selector-tag\">responsable<\/span> <span class=\"hljs-selector-tag\">des<\/span> <span class=\"hljs-selector-tag\">erreurs<\/span>, <span class=\"hljs-selector-tag\">omissions<\/span>, <span class=\"hljs-selector-tag\">ou<\/span> <span class=\"hljs-selector-tag\">des<\/span> <span class=\"hljs-selector-tag\">r<\/span>\u00e9<span class=\"hljs-selector-tag\">sultats<\/span> <span class=\"hljs-selector-tag\">qui<\/span> <span class=\"hljs-selector-tag\">pourraient<\/span> <span class=\"hljs-selector-tag\">d<\/span>\u00e9<span class=\"hljs-selector-tag\">couler<\/span> <span class=\"hljs-selector-tag\">d<\/span>\u2019<span class=\"hljs-selector-tag\">une<\/span> <span class=\"hljs-selector-tag\">mauvaise<\/span> <span class=\"hljs-selector-tag\">utilisation<\/span> <span class=\"hljs-selector-tag\">de<\/span> <span class=\"hljs-selector-tag\">ces<\/span> <span class=\"hljs-selector-tag\">informations<\/span>.\u00a0<\/p><p><strong>H\u00e9bergeur du site internet<\/strong> : o2switch &#8211; Chemin des Pardiaux<br \/>63000 Clermont-Ferrand &#8211; 04 44 44 60 40 &#8211; https:\/\/www.o2switch.fr\/<\/p>\t\t\t\t\t\t\t\t<\/div>\n\t\t\t\t<\/div>\n\t\t\t\t<div class=\"elementor-element elementor-element-fa06dea elementor-widget elementor-widget-spacer\" data-id=\"fa06dea\" data-element_type=\"widget\" data-widget_type=\"spacer.default\">\n\t\t\t\t<div class=\"elementor-widget-container\">\n\t\t\t\t\t\t\t<div class=\"elementor-spacer\">\n\t\t\t<div class=\"elementor-spacer-inner\"><\/div>\n\t\t<\/div>\n\t\t\t\t\t\t<\/div>\n\t\t\t\t<\/div>\n\t\t\t\t\t<\/div>\n\t\t\t\t<\/div>\n\t\t\t\t<\/div>\n\t\t","protected":false},"excerpt":{"rendered":"<p>Propri\u00e9taire du site : L\u00e9na Rebollo Adresse : 11 rue du bois Labille &#8211; 77750 Saint Cyr sur Morin T\u00e9l\u00e9phone : 06.21.69.04.03 Mail : rebollolena@gmail.com Propri\u00e9t\u00e9 intellectuelle des images : L\u00e9na Rebollo &#8211; tous droits r\u00e9serv\u00e9s. L e contenu de ce site (textes, images, etc.) est prot\u00e9g\u00e9 par le droit d\u2019auteur. Toute reproduction, m\u00eame partielle, est interdite sans autorisation pr\u00e9alable.\u00a0 Typographie : Bitter D\u00e9veloppement : ce site a \u00e9t\u00e9 d\u00e9velopp\u00e9 par L\u00e9na Rebollo en janvier 2025 Protection des donn\u00e9es personnelles : Ce site ne collecte aucune donn\u00e9e personnelle. Aucun cookie n&rsquo;est utilis\u00e9 \u00e0 des fins de suivi ou d\u2019analyse. Limitation de responsabilit\u00e9 : L\u2019\u00e9diteur du site met tout en \u0153uvre pour assurer l\u2019exactitude et la mise \u00e0 jour des informations pr\u00e9sentes sur ce site. Cependant, il ne saurait \u00eatre tenu responsable des erreurs, omissions, ou des r\u00e9sultats qui pourraient d\u00e9couler d\u2019une mauvaise utilisation de ces informations.\u00a0 H\u00e9bergeur du site internet : o2switch &#8211; Chemin des Pardiaux63000 Clermont-Ferrand &#8211; 04 44 44 60 40 &#8211; https:\/\/www.o2switch.fr\/<\/p>\n","protected":false},"author":1,"featured_media":0,"parent":0,"menu_order":0,"comment_status":"closed","ping_status":"closed","template":"","meta":{"ocean_post_layout":"","ocean_both_sidebars_style":"","ocean_both_sidebars_content_width":0,"ocean_both_sidebars_sidebars_width":0,"ocean_sidebar":"","ocean_second_sidebar":"","ocean_disable_margins":"enable","ocean_add_body_class":"","ocean_shortcode_before_top_bar":"","ocean_shortcode_after_top_bar":"","ocean_shortcode_before_header":"","ocean_shortcode_after_header":"","ocean_has_shortcode":"","ocean_shortcode_after_title":"","ocean_shortcode_before_footer_widgets":"","ocean_shortcode_after_footer_widgets":"","ocean_shortcode_before_footer_bottom":"","ocean_shortcode_after_footer_bottom":"","ocean_display_top_bar":"default","ocean_display_header":"default","ocean_header_style":"","ocean_center_header_left_menu":"","ocean_custom_header_template":"","ocean_custom_logo":0,"ocean_custom_retina_logo":0,"ocean_custom_logo_max_width":0,"ocean_custom_logo_tablet_max_width":0,"ocean_custom_logo_mobile_max_width":0,"ocean_custom_logo_max_height":0,"ocean_custom_logo_tablet_max_height":0,"ocean_custom_logo_mobile_max_height":0,"ocean_header_custom_menu":"","ocean_menu_typo_font_family":"","ocean_menu_typo_font_subset":"","ocean_menu_typo_font_size":0,"ocean_menu_typo_font_size_tablet":0,"ocean_menu_typo_font_size_mobile":0,"ocean_menu_typo_font_size_unit":"px","ocean_menu_typo_font_weight":"","ocean_menu_typo_font_weight_tablet":"","ocean_menu_typo_font_weight_mobile":"","ocean_menu_typo_transform":"","ocean_menu_typo_transform_tablet":"","ocean_menu_typo_transform_mobile":"","ocean_menu_typo_line_height":0,"ocean_menu_typo_line_height_tablet":0,"ocean_menu_typo_line_height_mobile":0,"ocean_menu_typo_line_height_unit":"","ocean_menu_typo_spacing":0,"ocean_menu_typo_spacing_tablet":0,"ocean_menu_typo_spacing_mobile":0,"ocean_menu_typo_spacing_unit":"","ocean_menu_link_color":"","ocean_menu_link_color_hover":"","ocean_menu_link_color_active":"","ocean_menu_link_background":"","ocean_menu_link_hover_background":"","ocean_menu_link_active_background":"","ocean_menu_social_links_bg":"","ocean_menu_social_hover_links_bg":"","ocean_menu_social_links_color":"","ocean_menu_social_hover_links_color":"","ocean_disable_title":"default","ocean_disable_heading":"default","ocean_post_title":"","ocean_post_subheading":"","ocean_post_title_style":"","ocean_post_title_background_color":"","ocean_post_title_background":0,"ocean_post_title_bg_image_position":"","ocean_post_title_bg_image_attachment":"","ocean_post_title_bg_image_repeat":"","ocean_post_title_bg_image_size":"","ocean_post_title_height":0,"ocean_post_title_bg_overlay":0.5,"ocean_post_title_bg_overlay_color":"","ocean_disable_breadcrumbs":"default","ocean_breadcrumbs_color":"","ocean_breadcrumbs_separator_color":"","ocean_breadcrumbs_links_color":"","ocean_breadcrumbs_links_hover_color":"","ocean_display_footer_widgets":"default","ocean_display_footer_bottom":"default","ocean_custom_footer_template":"","footnotes":""},"class_list":["post-391","page","type-page","status-publish","hentry","entry"],"_links":{"self":[{"href":"https:\/\/www.lenarebollo.fr\/index.php?rest_route=\/wp\/v2\/pages\/391","targetHints":{"allow":["GET"]}}],"collection":[{"href":"https:\/\/www.lenarebollo.fr\/index.php?rest_route=\/wp\/v2\/pages"}],"about":[{"href":"https:\/\/www.lenarebollo.fr\/index.php?rest_route=\/wp\/v2\/types\/page"}],"author":[{"embeddable":true,"href":"https:\/\/www.lenarebollo.fr\/index.php?rest_route=\/wp\/v2\/users\/1"}],"replies":[{"embeddable":true,"href":"https:\/\/www.lenarebollo.fr\/index.php?rest_route=%2Fwp%2Fv2%2Fcomments&post=391"}],"version-history":[{"count":7,"href":"https:\/\/www.lenarebollo.fr\/index.php?rest_route=\/wp\/v2\/pages\/391\/revisions"}],"predecessor-version":[{"id":464,"href":"https:\/\/www.lenarebollo.fr\/index.php?rest_route=\/wp\/v2\/pages\/391\/revisions\/464"}],"wp:attachment":[{"href":"https:\/\/www.lenarebollo.fr\/index.php?rest_route=%2Fwp%2Fv2%2Fmedia&parent=391"}],"curies":[{"name":"wp","href":"https:\/\/api.w.org\/{rel}","templated":true}]}}